{"id":20,"date":"2019-03-09T06:41:54","date_gmt":"2019-03-09T06:41:54","guid":{"rendered":"https:\/\/kindertrauer-undmehr.at\/?page_id=20"},"modified":"2024-10-18T15:42:57","modified_gmt":"2024-10-18T15:42:57","slug":"impressum","status":"publish","type":"page","link":"https:\/\/kindertrauer-undmehr.at\/index.php\/impressum\/","title":{"rendered":"Impressum"},"content":{"rendered":"<section class=\"wpb-content-wrapper\"><p>[vc_row][vc_column][vc_column_text]<\/p>\n<h4 id=\"site-main-header\" class=\"site-header__title\"><span style=\"color: #008e83;\">Informationspflichten nach dem E-Commerce-Gesetz (ECG)<\/span><\/h4>\n<p><span style=\"color: #008e83;\"><strong>Rechtsform:<\/strong> <\/span>Einzelunternehmen<br \/>\n<span style=\"color: #008e83;\"><strong>Firmenname:<\/strong> <\/span>Elke Kohl<br \/>\n<span style=\"color: #008e83;\"><strong>Adresse:<\/strong> <\/span>Dr.Karl-Gutkas-Stra\u00dfe 15, A-3100 St. P\u00f6lten<br \/>\n<span style=\"color: #008e83;\"><strong>Tel.:<\/strong> <\/span>+43 699 17 23 53 00<br \/>\n<span style=\"color: #008e83;\"><strong>E-Mail:<\/strong><\/span> <a href=\"mailto:elke.kohl@kindertrauer-undmehr.at\">elke.kohl@kindertrauer-undmehr.at<\/a><br \/>\n<span style=\"color: #008e83;\"><strong>Unternehmensgegenstand:<\/strong><\/span> Familientrauerbegleitung<br \/>\n<span style=\"color: #008e83;\"><strong>UID Nummer:<\/strong><\/span> ATU 68363807<br \/>\n<span style=\"color: #008e83;\"><strong>Berufsrecht:<\/strong><\/span> BGBL. II; Nr: 140\/2003 Verordnung Lebens-und Sozialberatung<br \/>\n<span style=\"color: #008e83;\"><strong>Aufsichtsbeh\u00f6rde:<\/strong><\/span> Magistrat St.P\u00f6lten<br \/>\n<span style=\"color: #008e83;\"><strong>Berufsbezeichnung:<\/strong><\/span> Lebens-und Sozialberatung ausgenommen Ern\u00e4hrungsberatung und sportwissenschaftliche Beratung<br \/>\n<span style=\"color: #008e83;\"><strong>Fotos: <a href=\"https:\/\/business.uschiwolf.at\">\u00a9 Uschi Wolf<\/a><\/strong><\/span><\/p>\n<h4><span style=\"color: #008e83;\">HAFTUNGSAUSSCHLUSS<\/span><\/h4>\n<p><span style=\"color: #008e83;\"><strong>Inhalt des Onlineangebotes<\/strong><\/span><\/p>\n<p>Der Betreiber dieser Webseite \u00fcbernimmt keinerlei Gew\u00e4hr f\u00fcr die Qualit\u00e4t, Korrektheit oder Vollst\u00e4ndigkeit der darauf ver\u00f6ffentlichten Informationen. Etwaige Haftungsanspr\u00fcche gegen den Betreiber dieser Webseite, egal welcher Art, die durch die Nutzung oder Nichtnutzung der Informationen bzw. durch die Nutzung fehlerhafter und unvollst\u00e4ndiger Informationen verursacht wurden, sind grunds\u00e4tzlich ausgeschlossen, sofern dem Autor kein nachweislich vors\u00e4tzliches oder grob fahrl\u00e4ssiges Verschulden nachgewiesen werden kann. Eventuelle auf der Webseite ver\u00f6ffentlichte Angebote sind freibleibend und unverbindlich. Der Betreiber dieser Webseite beh\u00e4lt es sich ausdr\u00fccklich vor, Teile der Seiten oder das gesamte Angebot ohne gesonderte Ank\u00fcndigung zu ver\u00e4ndern, zu erg\u00e4nzen, zu l\u00f6schen oder die Ver\u00f6ffentlichung zeitweise oder endg\u00fcltig einzustellen.<\/p>\n<p><span style=\"color: #008e83;\"><strong>Verweise und Links<\/strong><\/span><\/p>\n<p>S\u00e4mtliche sogenannte &#8222;Links&#8220; (das sind direkte bzw. indirekte Verweise auf andere Internetseiten), die nicht im Verantwortungsbereichs des Betreiber dieser Webseites liegen, w\u00fcrde eine Haftungsverpflichtung nur dann in Kraft treten, wenn der Betreiber dieser Webseite von den Inhalten Kenntnis hat und es ihm technisch m\u00f6glich und zumutbar w\u00e4re, die Nutzung im Falle rechtswidriger Inhalte zu verhindern. Der Betreiber dieser Webseite erkl\u00e4rt hiermit ausdr\u00fccklich, dass zum Zeitpunkt der Linksetzung keine illegalen Inhalte auf den zu verlinkenden Seiten erkennbar waren. Auf die aktuelle und zuk\u00fcnftige Gestaltung, die Inhalte oder die Urheberschaft der gelinkten\/verkn\u00fcpften Seiten hat der Betreiber dieser Webseite keinerlei Einfluss. Deshalb distanziert er sich hiermit ausdr\u00fccklich von allen Inhalten aller gelinkten \/verkn\u00fcpften Seiten, die nach der Linksetzung ver\u00e4ndert wurden. Diese Feststellung gilt f\u00fcr alle innerhalb des eigenen Internetangebotes gesetzten Links und Verweise sowie f\u00fcr Fremdeintr\u00e4ge in vom Betreiber dieser Webseite eingerichteten G\u00e4steb\u00fcchern, Diskussionsforen und Mailinglisten. F\u00fcr illegale, fehlerhafte oder unvollst\u00e4ndige Inhalte und insbesondere f\u00fcr Sch\u00e4den, die aus der Nutzung oder Nichtnutzung solcherart dargebotener Informationen entstehen, haftet allein der Anbieter der Seite, auf welche verwiesen wurde, nicht derjenige, der \u00fcber Links auf die jeweilige Ver\u00f6ffentlichung lediglich verweist.<\/p>\n<p><span style=\"color: #008e83;\"><strong>Urheber- und Kennzeichenrecht<\/strong><\/span><\/p>\n<p>Der Betreiber dieser Webseite ist bestrebt, in allen Publikationen die Urheberrechte der verwendeten Grafiken, Tondokumente, Videosequenzen und Texte zu beachten. Alle innerhalb des Internetangebotes genannten und ggf. durch Dritte gesch\u00fctzten Marken- und Warenzeichen unterliegen uneingeschr\u00e4nkt den Bestimmungen des jeweils g\u00fcltigen Kennzeichenrechts und den Besitzrechten der jeweiligen eingetragenen Eigent\u00fcmer. Allein aufgrund der blo\u00dfen Nennung ist nicht der Schlu\u00df zu ziehen, dass Markenzeichen nicht durch Rechte Dritter gesch\u00fctzt sind! Das Copyright f\u00fcr ver\u00f6ffentlichte, vom Betreiber dieser Webseite selbst erstellte Objekte bleibt allein beim Betreiber dieser Webseite der Seiten. Eine Vervielf\u00e4ltigung oder Verwendung solcher Grafiken, Tondokumente, Videosequenzen und Texte in anderen elektronischen oder gedruckten Publikationen ist ohne ausdr\u00fcckliche Zustimmung des Betreiber dieser Webseites nicht gestattet.<\/p>\n<p><span style=\"color: #008e83;\"><strong>Datenschutz<\/strong><\/span><\/p>\n<p>Sofern innerhalb des Internetangebotes die M\u00f6glichkeit zur Eingabe pers\u00f6nlicher oder gesch\u00e4ftlicher Daten (Emailadressen, Namen, Anschriften) besteht, so erfolgt die Preisgabe dieser Daten seitens des Nutzers auf ausdr\u00fccklich freiwilliger Basis. Die Inanspruchnahme aller angebotenen Dienste ist &#8211; soweit technisch m\u00f6glich und zumutbar &#8211; auch ohne Angabe solcher Daten bzw. unter Angabe anonymisierter Daten oder eines Pseudonyms gestattet.<\/p>\n<p><span style=\"color: #008e83;\"><strong>Google Analytics<\/strong><\/span><\/p>\n<p>Diese Website benutzt Google Analytics, einen Webanalysedienst der Google Inc. (&#8222;Google&#8220;). Google Analytics verwendet sog. &#8222;Cookies&#8220;, Textdateien, die auf Ihrem Computer gespeichert werden und die eine Analyse der Benutzung der Website durch Sie erm\u00f6glichen. Die durch den Cookie erzeugten Informationen \u00fcber Ihre Benutzung dieser Website (einschlie\u00dflich Ihrer IP\u2010Adresse) wird an einen Server von Google in den USA \u00fcbertragen und dort gespeichert. Google wird diese Informationen benutzen, um Ihre Nutzung der Website auszuwerten, um Reports \u00fcber die Websiteaktivit\u00e4ten f\u00fcr die Websitebetreiber zusammenzustellen und um weitere mit der Websitenutzung und der Internetnutzung verbundene Dienstleistungen zu erbringen. Auch wird Google diese Informationen gegebenenfalls an Dritte \u00fcbertragen, sofern dies gesetzlich vorgeschrieben oder soweit Dritte diese Daten im Auftrag von Google verarbeiten. Google wird in keinem Fall Ihre IP\u2010Adresse mit anderen Daten von Google in Verbindung bringen. Sie k\u00f6nnen die Installation der Cookies durch eine entsprechende Einstellung Ihrer Browser Software verhindern; wir weisen Sie jedoch darauf hin, dass Sie in diesem Fall gegebenenfalls nicht s\u00e4mtliche Funktionen dieser Website vollumf\u00e4nglich nutzen k\u00f6nnen. Durch die Nutzung dieser Website erkl\u00e4ren Sie sich mit der Bearbeitung der \u00fcber Sie erhobenen Daten durch Google in der zuvor beschriebenen Art und Weise und zu dem zuvor benannten Zweck einverstanden.<\/p>\n<p><span style=\"color: #008e83;\"><strong>Rechtswirksamkeit dieses Haftungsausschlusses\u00a0<\/strong><\/span><\/p>\n<p>Dieser Haftungsausschluss ist als Teil des Internetangebotes zu betrachten, von dem aus auf diese Seite verwiesen wurde. Sofern Teile oder einzelne Formulierungen dieses Textes der geltenden Rechtslage nicht, nicht mehr oder nicht vollst\u00e4ndig entsprechen sollten, bleiben die \u00fcbrigen Teile des Dokumentes in ihrem Inhalt und ihrer G\u00fcltigkeit davon unber\u00fchrt.[\/vc_column_text][\/vc_column][\/vc_row]<\/p>\n<\/section>","protected":false},"excerpt":{"rendered":"<p>[vc_row][vc_column][vc_column_text] Informationspflichten nach dem E-Commerce-Gesetz (ECG) Rechtsform: Einzelunternehmen Firmenname: Elke Kohl Adresse: Dr.Karl-Gutkas-Stra\u00dfe 15, A-3100 St. P\u00f6lten Tel.: +43 699 17 23 53 00 E-Mail: elke.kohl@kindertrauer-undmehr.at Unternehmensgegenstand: Familientrauerbegleitung UID Nummer: ATU 68363807 Berufsrecht: BGBL. II; Nr: 140\/2003 Verordnung Lebens-und Sozialberatung Aufsichtsbeh\u00f6rde: Magistrat St.P\u00f6lten Berufsbezeichnung: Lebens-und Sozialberatung ausgenommen Ern\u00e4hrungsberatung und sportwissenschaftliche Beratung Fotos: \u00a9 Uschi Wolf &hellip; <a href=\"https:\/\/kindertrauer-undmehr.at\/index.php\/impressum\/\" class=\"more-link\">Continue reading <span class=\"screen-reader-text\">Impressum<\/span><\/a><\/p>\n","protected":false},"author":1,"featured_media":0,"parent":0,"menu_order":0,"comment_status":"closed","ping_status":"closed","template":"","meta":{"footnotes":""},"class_list":["post-20","page","type-page","status-publish","hentry"],"aioseo_notices":[],"_links":{"self":[{"href":"https:\/\/kindertrauer-undmehr.at\/index.php\/wp-json\/wp\/v2\/pages\/20","targetHints":{"allow":["GET"]}}],"collection":[{"href":"https:\/\/kindertrauer-undmehr.at\/index.php\/wp-json\/wp\/v2\/pages"}],"about":[{"href":"https:\/\/kindertrauer-undmehr.at\/index.php\/wp-json\/wp\/v2\/types\/page"}],"author":[{"embeddable":true,"href":"https:\/\/kindertrauer-undmehr.at\/index.php\/wp-json\/wp\/v2\/users\/1"}],"replies":[{"embeddable":true,"href":"https:\/\/kindertrauer-undmehr.at\/index.php\/wp-json\/wp\/v2\/comments?post=20"}],"version-history":[{"count":6,"href":"https:\/\/kindertrauer-undmehr.at\/index.php\/wp-json\/wp\/v2\/pages\/20\/revisions"}],"predecessor-version":[{"id":4840,"href":"https:\/\/kindertrauer-undmehr.at\/index.php\/wp-json\/wp\/v2\/pages\/20\/revisions\/4840"}],"wp:attachment":[{"href":"https:\/\/kindertrauer-undmehr.at\/index.php\/wp-json\/wp\/v2\/media?parent=20"}],"curies":[{"name":"wp","href":"https:\/\/api.w.org\/{rel}","templated":true}]}}