{"id":33,"date":"2019-01-21T11:06:12","date_gmt":"2019-01-21T11:06:12","guid":{"rendered":"http:\/\/localhost\/boldman\/boldman-theme\/?page_id=33"},"modified":"2024-10-17T12:36:54","modified_gmt":"2024-10-17T12:36:54","slug":"home-1","status":"publish","type":"page","link":"https:\/\/kindertrauer-undmehr.at\/","title":{"rendered":"Home"},"content":{"rendered":"<section class=\"wpb-content-wrapper\"><p>[vc_row tm_bgimagefixed=&#8220;&#8220; break_in_responsive=&#8220;991&#8243; full_width=&#8220;stretch_row&#8220; css=&#8220;.vc_custom_1639338834943{margin-top: 5px !important;padding-top: 25px !important;padding-bottom: 120px !important;background-image: url(https:\/\/kindertrauer-undmehr.at\/wp-content\/uploads\/2019\/02\/row-bg-one.png?id=3511) !important;background-position: center !important;background-repeat: no-repeat !important;background-size: cover !important;}&#8220; tm_responsive_css=&#8220;48931351|colbreak_no|||||||||colbreak_no|||||40px||0px||colbreak_no|0px||||10px|||||colbreak_no|||||||||&#8220;][vc_column reduce_extra_padding=&#8220;991&#8243; width=&#8220;5\/12&#8243; tm_responsive_css=&#8220;30619759|colbreak_no|||||||||colbreak_no||||0px|||||colbreak_no||||||||||colbreak_no|||||||||&#8220; css=&#8220;.vc_custom_1567285222891{margin-top: 0px !important;border-top-width: 0px !important;padding-top: 0px !important;}&#8220;][vc_single_image image=&#8220;4813&#8243; img_size=&#8220;full&#8220; alignment=&#8220;center&#8220;][\/vc_column][vc_column reduce_extra_padding=&#8220;991&#8243; width=&#8220;7\/12&#8243; tm_responsive_css=&#8220;98608335|colbreak_no|||||||||colbreak_no|||||||||colbreak_no||||||||||colbreak_no|||||||||&#8220;][vc_column_text]<\/p>\n<h2><span style=\"color: #008080;\">Sch\u00f6n, dass Sie hier auf meiner Homepage gelandet sind. Schauen Sie sich gerne ein bisschen um!<\/span><\/h2>\n<p>[\/vc_column_text][vc_row_inner][vc_column_inner css=&#8220;.vc_custom_1547715932430{padding-right: 25px !important;}&#8220;]<div class=\"tm-element-heading-wrapper tm-heading-inner tm-element-align-left tm-seperator-solid tm-heading-style-vertical \"><section class=\"tm-vc_cta3-container\"><div class=\"tm-vc_general tm-vc_cta3 tm-cta3-only tm-vc_cta3-style-classic tm-vc_cta3-shape-rounded tm-vc_cta3-align-left tm-vc_cta3-color-transparent tm-vc_cta3-icon-size-md tm-vc_cta3-actions-no tm-cta3-without-desc\"><div class=\"tm-vc_cta3_content-container\"><div class=\"tm-vc_cta3-content\"><header class=\"tm-vc_cta3-content-header tm-wrap\"><div class=\"tm-vc_cta3-headers tm-wrap-cell\"><h4 class=\"tm-custom-heading \" >Die Wahrheit ist auch den Kindern zumutbar!<\/h4>\n<h2 class=\"tm-custom-heading \" >Willkommen bei Elke Kohl<\/h2>\n<\/div><\/header><\/div><\/div><\/div><\/section><\/div> <!-- .tm-element-heading-wrapper container --> [vc_column_text]<\/p>\n<div id=\"cc-m-8472980197\" class=\"j-module n j-text \">\n<p>Als ausgebildete und erfahrene Familientrauerbegleiterin biete ich ein vielf\u00e4ltiges Angebot an Unterst\u00fctzungsm\u00f6glichkeiten f\u00fcr Einzelpersonen, die von Trauer betroffen sind. Ich organisiere, leite und moderiere\u00a0 Trauergruppen f\u00fcr Kinder, Jugendliche und Erwachsene und gebe mein Fachwissen auch gerne in Workshops oder Vortr\u00e4gen weiter.<\/p>\n<p>Trauer zeigt sich als nat\u00fcrliche Reaktion auf Lebensereignisse wie Trennung, Krankheit, Tod und Abschiede. Sie trifft Erwachsene, Jugendliche und Kinder, die auf ihrem individuellen Trauerweg von einer Vielfalt an Gef\u00fchlen und Reaktionen begleitet werden. Was kann hier hilfreich sein? Wie k\u00f6nnen Kinder, Jugendliche und Erwachsene unterst\u00fctzt werden?<\/p>\n<p>Diese und weitere Fragen\/Anliegen beantworte ich gerne in einem Beratungsgespr\u00e4ch.<\/p>\n<p>Machen Sie einen aktiven Schritt auf Ihrem Trauerweg und informieren Sie sich \u00fcber Begleitungsm\u00f6glichkeiten. Rufen Sie mich an oder schreiben Sie mir. Ich bin gerne f\u00fcr Sie da.<\/p>\n<\/div>\n<p>[\/vc_column_text]\n\t\t<div class=\"tm-vc_btn3-container tm-vc_btn3-left vc_custom_1561909470029\"><a class=\"tm-vc_general tm-vc_btn3 tm-vc_btn3-size-md tm-vc_btn3-shape-round tm-vc_btn3-style-text tm-vc_btn3-weight-no tm-vc_btn3-icon-right tm-vc_btn3-color-skincolor\" href=\"https:\/\/kindertrauer-undmehr.at\/index.php\/ueber-mich\/\" title=\"\u00dcber mich\">Mehr \u00fcber Elke Kohl <i class=\"tm-vc_btn3-icon themifyicon ti-angle-double-right\"><\/i><\/a><\/div>[vc_separator color=&#8220;custom&#8220; css=&#8220;.vc_custom_1549865164567{margin-bottom: 25px !important;padding-top: 8px !important;}&#8220; accent_color=&#8220;#f1f1f1&#8243;][\/vc_column_inner][\/vc_row_inner][\/vc_column][\/vc_row][vc_row tm_bgimagefixed=&#8220;&#8220; break_in_responsive=&#8220;991&#8243; full_width=&#8220;stretch_row&#8220; css=&#8220;.vc_custom_1550244785847{padding-bottom: 135px !important;background-image: url(https:\/\/kindertrauer-undmehr.at\/wp-content\/uploads\/2019\/02\/row-bg-two.jpg?id=3513) !important;background-position: center !important;background-repeat: no-repeat !important;background-size: cover !important;}&#8220; tm_responsive_css=&#8220;50394010|colbreak_no|||||||||colbreak_no|||||50px||95px||colbreak_no||||||||||colbreak_no|||||||||&#8220;][vc_column][vc_row_inner][vc_column_inner width=&#8220;5\/6&#8243; css=&#8220;.vc_custom_1550905285246{padding-right: 0px !important;}&#8220; tm_responsive_css=&#8220;15067568|colbreak_no|||||||||colbreak_no||||||15px|||colbreak_no||||||||||colbreak_no|||||||||&#8220;]<div class=\"tm-element-heading-wrapper tm-heading-inner tm-element-align-left tm-seperator-solid tm-heading-style-horizontal \"><section class=\"tm-vc_cta3-container\"><div class=\"tm-vc_general tm-vc_cta3 tm-cta3-only tm-vc_cta3-style-classic tm-vc_cta3-shape-rounded tm-vc_cta3-align-left tm-vc_cta3-color-transparent tm-vc_cta3-icon-size-md tm-vc_cta3-actions-no tm-cta3-without-desc\"><div class=\"tm-vc_cta3_content-container\"><div class=\"tm-vc_cta3-content\"><header class=\"tm-vc_cta3-content-header tm-wrap\"><div class=\"tm-vc_cta3-headers tm-wrap-cell\"><h4 class=\"tm-custom-heading \" >Aktuelle Themen rund um die Kinder-, Jugend- und Familientrauerbegleitung<\/h4>\n<h2 class=\"tm-custom-heading \" ><strong>Neuigkeiten<\/strong><\/h2>\n<\/div><\/header><\/div><\/div><\/div><\/section><\/div> <!-- .tm-element-heading-wrapper container --> [\/vc_column_inner][vc_column_inner width=&#8220;1\/6&#8243; css=&#8220;.vc_custom_1550041224191{padding-top: 11px !important;padding-left: 0px !important;}&#8220; tm_responsive_css=&#8220;12442304|colbreak_no|||||||||colbreak_no|||||0px|||15px|colbreak_no||||||||||colbreak_no|||||||||&#8220;]\n\t\t<div class=\"tm-vc_btn3-container  tm-reset-button-left-991 tm-vc_btn3-right\"><a class=\"tm-vc_general tm-vc_btn3 tm-vc_btn3-size-md tm-vc_btn3-shape-square tm-vc_btn3-style-outline tm-vc_btn3-weight-no tm-vc_btn3-icon-right tm-vc_btn3-color-black\" href=\"https:\/\/kindertrauer-undmehr.at\/index.php\/blog-grid-view\/\" title=\"News\">Zum Blog <i class=\"tm-vc_btn3-icon themifyicon ti-angle-double-right\"><\/i><\/a><\/div>[\/vc_column_inner][\/vc_row_inner][vc_row_inner][vc_column_inner tm_responsive_css=&#8220;53787894|colbreak_no|||||||||colbreak_no|0px||||||||colbreak_no||||||||||colbreak_no|||||||||&#8220;]<div class=\"themetechmount-boxes themetechmount-boxes-blog themetechmount-boxes-view-carousel themetechmount-boxes-col-three themetechmount-boxes-sortable-no themetechmount-boxes-textalign-center tm-boxes-carousel-arrows-hide\" data-tm-speed=\"1500\" data-tm-autoplay=\"0\" data-tm-autoplayspeed=\"4500\" data-tm-loop=\"1\" data-tm-dots=\"0\" data-tm-nav=\"hide\" data-tm-centermode=\"0\" data-tm-centerpadding=\"300\" data-tm-pauseonfocus=\"1\" data-tm-pauseonhover=\"1\" data-tm-slidestoscroll=\"column\" data-tm-effecttype=\"slide\">\n\t\t<div class=\"themetechmount-boxes-inner themetechmount-boxes-blog-inner \">\n\t\t\t\n\t\t\t<div class=\"row multi-columns-row themetechmount-boxes-row-wrapper\">\n\t\t\t\t<div class=\"tm-box-col-wrapper col-lg-4 col-sm-6 col-md-4 col-xs-12 uncategorized\"><article class=\"themetechmount-box themetechmount-box-blog themetechmount-box-topimage themetechmount-blogbox-format- \">\r\n\t<div class=\"post-item\">\r\n\t\t<div class=\"themetechmount-box-content\">\t\t\r\n\t\t\t<div class=\"tm-featured-outer-wrapper tm-post-featured-outer-wrapper\">\r\n\t\t\t\t<div class=\"tm-featured-wrapper tm-post-featured-wrapper tm-post-format-\"><a href=\"https:\/\/kindertrauer-undmehr.at\/index.php\/2025\/08\/03\/teamtag-fuer-hospiz-melk\/\"><img loading=\"lazy\" decoding=\"async\" width=\"720\" height=\"544\" src=\"https:\/\/kindertrauer-undmehr.at\/wp-content\/uploads\/2025\/08\/Teamtag-Melk_2025-720x544.jpg\" class=\"attachment-themetechmount-img-blog-top size-themetechmount-img-blog-top wp-post-image\" alt=\"\" data-id=\"4889\" \/><\/a><\/div>\t\t\t<\/div>\t\t\r\n\t\t\t<div class=\"themetechmount-box-desc\">\r\n\t\t\t\t<div class=\"entry-header\">\r\n\t\t\t\t\t\t\t\t\t\t<div class=\"themetechmount-box-title\"><h4><a href=\"https:\/\/kindertrauer-undmehr.at\/index.php\/2025\/08\/03\/teamtag-fuer-hospiz-melk\/\">Teamtag f\u00fcr Hospiz Melk<\/a><\/h4><\/div>\t\t\t\t<\/div>\t\t\t\t\r\n\t\t\t<\/div>\r\n        <\/div>\r\n\t<\/div>\r\n<\/article>\r\n<\/div><div class=\"tm-box-col-wrapper col-lg-4 col-sm-6 col-md-4 col-xs-12 uncategorized\"><article class=\"themetechmount-box themetechmount-box-blog themetechmount-box-topimage themetechmount-blogbox-format- \">\r\n\t<div class=\"post-item\">\r\n\t\t<div class=\"themetechmount-box-content\">\t\t\r\n\t\t\t<div class=\"tm-featured-outer-wrapper tm-post-featured-outer-wrapper\">\r\n\t\t\t\t<div class=\"tm-featured-wrapper tm-post-featured-wrapper tm-post-format-\"><a href=\"https:\/\/kindertrauer-undmehr.at\/index.php\/2025\/08\/03\/baum-der-erinnerung\/\"><img loading=\"lazy\" decoding=\"async\" width=\"720\" height=\"544\" src=\"https:\/\/kindertrauer-undmehr.at\/wp-content\/uploads\/2025\/08\/Baum-2025-720x544.jpg\" class=\"attachment-themetechmount-img-blog-top size-themetechmount-img-blog-top wp-post-image\" alt=\"\" data-id=\"4886\" \/><\/a><\/div>\t\t\t<\/div>\t\t\r\n\t\t\t<div class=\"themetechmount-box-desc\">\r\n\t\t\t\t<div class=\"entry-header\">\r\n\t\t\t\t\t\t\t\t\t\t<div class=\"themetechmount-box-title\"><h4><a href=\"https:\/\/kindertrauer-undmehr.at\/index.php\/2025\/08\/03\/baum-der-erinnerung\/\">Baum der Erinnerung<\/a><\/h4><\/div>\t\t\t\t<\/div>\t\t\t\t\r\n\t\t\t<\/div>\r\n        <\/div>\r\n\t<\/div>\r\n<\/article>\r\n<\/div><div class=\"tm-box-col-wrapper col-lg-4 col-sm-6 col-md-4 col-xs-12 uncategorized\"><article class=\"themetechmount-box themetechmount-box-blog themetechmount-box-topimage themetechmount-blogbox-format- \">\r\n\t<div class=\"post-item\">\r\n\t\t<div class=\"themetechmount-box-content\">\t\t\r\n\t\t\t<div class=\"tm-featured-outer-wrapper tm-post-featured-outer-wrapper\">\r\n\t\t\t\t<div class=\"tm-featured-wrapper tm-post-featured-wrapper tm-post-format-\"><a href=\"https:\/\/kindertrauer-undmehr.at\/index.php\/2025\/08\/03\/trauer-begleiten\/\"><img loading=\"lazy\" decoding=\"async\" width=\"720\" height=\"544\" src=\"https:\/\/kindertrauer-undmehr.at\/wp-content\/uploads\/2025\/08\/Herzwand_2025-720x544.jpg\" class=\"attachment-themetechmount-img-blog-top size-themetechmount-img-blog-top wp-post-image\" alt=\"\" data-id=\"4888\" \/><\/a><\/div>\t\t\t<\/div>\t\t\r\n\t\t\t<div class=\"themetechmount-box-desc\">\r\n\t\t\t\t<div class=\"entry-header\">\r\n\t\t\t\t\t\t\t\t\t\t<div class=\"themetechmount-box-title\"><h4><a href=\"https:\/\/kindertrauer-undmehr.at\/index.php\/2025\/08\/03\/trauer-begleiten\/\">Trauer begleiten<\/a><\/h4><\/div>\t\t\t\t<\/div>\t\t\t\t\r\n\t\t\t<\/div>\r\n        <\/div>\r\n\t<\/div>\r\n<\/article>\r\n<\/div><div class=\"tm-box-col-wrapper col-lg-4 col-sm-6 col-md-4 col-xs-12 uncategorized\"><article class=\"themetechmount-box themetechmount-box-blog themetechmount-box-topimage themetechmount-blogbox-format- \">\r\n\t<div class=\"post-item\">\r\n\t\t<div class=\"themetechmount-box-content\">\t\t\r\n\t\t\t<div class=\"tm-featured-outer-wrapper tm-post-featured-outer-wrapper\">\r\n\t\t\t\t<div class=\"tm-featured-wrapper tm-post-featured-wrapper tm-post-format-\"><a href=\"https:\/\/kindertrauer-undmehr.at\/index.php\/2025\/08\/03\/einladung-zu-sterben-ist-das-allerletzte\/\"><img loading=\"lazy\" decoding=\"async\" width=\"720\" height=\"544\" src=\"https:\/\/kindertrauer-undmehr.at\/wp-content\/uploads\/2025\/08\/Elke-und-Rainer_2025-720x544.jpg\" class=\"attachment-themetechmount-img-blog-top size-themetechmount-img-blog-top wp-post-image\" alt=\"\" data-id=\"4887\" \/><\/a><\/div>\t\t\t<\/div>\t\t\r\n\t\t\t<div class=\"themetechmount-box-desc\">\r\n\t\t\t\t<div class=\"entry-header\">\r\n\t\t\t\t\t\t\t\t\t\t<div class=\"themetechmount-box-title\"><h4><a href=\"https:\/\/kindertrauer-undmehr.at\/index.php\/2025\/08\/03\/einladung-zu-sterben-ist-das-allerletzte\/\">Einladung zu \u201eSterben ist das Allerletzte\u201c<\/a><\/h4><\/div>\t\t\t\t<\/div>\t\t\t\t\r\n\t\t\t<\/div>\r\n        <\/div>\r\n\t<\/div>\r\n<\/article>\r\n<\/div><div class=\"tm-box-col-wrapper col-lg-4 col-sm-6 col-md-4 col-xs-12 uncategorized\"><article class=\"themetechmount-box themetechmount-box-blog themetechmount-box-topimage themetechmount-blogbox-format- \">\r\n\t<div class=\"post-item\">\r\n\t\t<div class=\"themetechmount-box-content\">\t\t\r\n\t\t\t<div class=\"tm-featured-outer-wrapper tm-post-featured-outer-wrapper\">\r\n\t\t\t\t<div class=\"tm-featured-wrapper tm-post-featured-wrapper tm-post-format-\"><a href=\"https:\/\/kindertrauer-undmehr.at\/index.php\/2025\/08\/03\/widow_erbrunch-wird-ywdc\/\"><img loading=\"lazy\" decoding=\"async\" width=\"720\" height=\"544\" src=\"https:\/\/kindertrauer-undmehr.at\/wp-content\/uploads\/2025\/08\/ywdc-720x544.jpg\" class=\"attachment-themetechmount-img-blog-top size-themetechmount-img-blog-top wp-post-image\" alt=\"\" data-id=\"4890\" \/><\/a><\/div>\t\t\t<\/div>\t\t\r\n\t\t\t<div class=\"themetechmount-box-desc\">\r\n\t\t\t\t<div class=\"entry-header\">\r\n\t\t\t\t\t\t\t\t\t\t<div class=\"themetechmount-box-title\"><h4><a href=\"https:\/\/kindertrauer-undmehr.at\/index.php\/2025\/08\/03\/widow_erbrunch-wird-ywdc\/\">Widow_erBrunch wird YWDC<\/a><\/h4><\/div>\t\t\t\t<\/div>\t\t\t\t\r\n\t\t\t<\/div>\r\n        <\/div>\r\n\t<\/div>\r\n<\/article>\r\n<\/div>\n\t\t\t<\/div>\n\t\t<\/div><!-- .themetechmount-boxes-inner -->   <\/div><!-- .themetechmount-boxes -->  [\/vc_column_inner][\/vc_row_inner][\/vc_column][\/vc_row][vc_row tm_bgcolor=&#8220;darkgrey&#8220; tm_bgimagefixed=&#8220;&#8220; break_in_responsive=&#8220;991&#8243; tm_zindex=&#8220;1&#8243; full_width=&#8220;stretch_row&#8220; css=&#8220;.vc_custom_1549971956885{margin-top: -1px !important;padding-top: 0px !important;padding-bottom: 0px !important;}&#8220;][vc_column reduce_extra_padding=&#8220;991&#8243; width=&#8220;5\/12&#8243; css=&#8220;.vc_custom_1549975517882{margin-bottom: -60px !important;}&#8220; tm_responsive_css=&#8220;16278315|colbreak_no|||||||||colbreak_no|||0px||55px||||colbreak_no||||||||||colbreak_no|||||||||&#8220;][vc_single_image image=&#8220;4816&#8243; img_size=&#8220;full&#8220; alignment=&#8220;center&#8220; css=&#8220;.vc_custom_1729168612080{margin-bottom: 0px !important;}&#8220;][\/vc_column][vc_column width=&#8220;7\/12&#8243; css=&#8220;.vc_custom_1549975543719{padding-top: 82px !important;padding-right: 0px !important;padding-left: 40px !important;}&#8220; tm_responsive_css=&#8220;84747839|colbreak_no|||||||||colbreak_no|||||40px|||15px|colbreak_no||||||||||colbreak_no|||||||||&#8220;][vc_column_text]<\/p>\n<h2 class=\"tm-custom-heading \">Kinder-Jugend-Familientrauerbegleitung<\/h2>\n<p>[\/vc_column_text][vc_column_text]<\/p>\n<ul>\n<li>gibt Sicherheit und Halt durch umfassende Information<\/li>\n<li>zeigt kindliche und jugendliche Bed\u00fcrfnisse in Trauerzeiten auf<\/li>\n<li>hilft bei der Bew\u00e4ltigung von Trauerreaktionen<\/li>\n<li>ermutigt zum Ausdruck von Gef\u00fchlen und unterst\u00fctzt bei der Entwicklung von Ritualen<\/li>\n<li>st\u00e4rkt Kompetenzen im Umgang mit Verlusten und anderen emotionalen Geschehnissen<\/li>\n<li>f\u00f6rdert die M\u00f6glichkeit zum Austausch in Gruppen von Gleichbetroffenen<\/li>\n<li>entlastet erwachsene Bezugspersonen<\/li>\n<\/ul>\n<p>[\/vc_column_text][\/vc_column][\/vc_row]<\/p>\n<\/section>","protected":false},"excerpt":{"rendered":"<p>[vc_row tm_bgimagefixed=&#8220;&#8220; break_in_responsive=&#8220;991&#8243; full_width=&#8220;stretch_row&#8220; css=&#8220;.vc_custom_1639338834943{margin-top: 5px !important;padding-top: 25px !important;padding-bottom: 120px !important;background-image: url(https:\/\/kindertrauer-undmehr.at\/wp-content\/uploads\/2019\/02\/row-bg-one.png?id=3511) !important;background-position: center !important;background-repeat: no-repeat !important;background-size: cover !important;}&#8220; tm_responsive_css=&#8220;48931351|colbreak_no|||||||||colbreak_no|||||40px||0px||colbreak_no|0px||||10px|||||colbreak_no|||||||||&#8220;][vc_column reduce_extra_padding=&#8220;991&#8243; width=&#8220;5\/12&#8243; tm_responsive_css=&#8220;30619759|colbreak_no|||||||||colbreak_no||||0px|||||colbreak_no||||||||||colbreak_no|||||||||&#8220; css=&#8220;.vc_custom_1567285222891{margin-top: 0px !important;border-top-width: 0px !important;padding-top: 0px !important;}&#8220;][vc_single_image image=&#8220;4813&#8243; img_size=&#8220;full&#8220; alignment=&#8220;center&#8220;][\/vc_column][vc_column reduce_extra_padding=&#8220;991&#8243; width=&#8220;7\/12&#8243; tm_responsive_css=&#8220;98608335|colbreak_no|||||||||colbreak_no|||||||||colbreak_no||||||||||colbreak_no|||||||||&#8220;][vc_column_text] Sch\u00f6n, dass Sie hier auf meiner Homepage gelandet sind. Schauen Sie sich gerne ein bisschen um! [\/vc_column_text][vc_row_inner][vc_column_inner css=&#8220;.vc_custom_1547715932430{padding-right: 25px &hellip; <a href=\"https:\/\/kindertrauer-undmehr.at\/index.php\/2025\/08\/03\/widow_erbrunch-wird-ywdc\/\" class=\"more-link\">Continue reading <span class=\"screen-reader-text\">Widow_erBrunch wird YWDC<\/span><\/a><\/p>\n","protected":false},"author":1,"featured_media":0,"parent":0,"menu_order":1,"comment_status":"closed","ping_status":"closed","template":"","meta":{"footnotes":""},"class_list":["post-33","page","type-page","status-publish","hentry"],"aioseo_notices":[],"_links":{"self":[{"href":"https:\/\/kindertrauer-undmehr.at\/index.php\/wp-json\/wp\/v2\/pages\/33","targetHints":{"allow":["GET"]}}],"collection":[{"href":"https:\/\/kindertrauer-undmehr.at\/index.php\/wp-json\/wp\/v2\/pages"}],"about":[{"href":"https:\/\/kindertrauer-undmehr.at\/index.php\/wp-json\/wp\/v2\/types\/page"}],"author":[{"embeddable":true,"href":"https:\/\/kindertrauer-undmehr.at\/index.php\/wp-json\/wp\/v2\/users\/1"}],"replies":[{"embeddable":true,"href":"https:\/\/kindertrauer-undmehr.at\/index.php\/wp-json\/wp\/v2\/comments?post=33"}],"version-history":[{"count":61,"href":"https:\/\/kindertrauer-undmehr.at\/index.php\/wp-json\/wp\/v2\/pages\/33\/revisions"}],"predecessor-version":[{"id":4817,"href":"https:\/\/kindertrauer-undmehr.at\/index.php\/wp-json\/wp\/v2\/pages\/33\/revisions\/4817"}],"wp:attachment":[{"href":"https:\/\/kindertrauer-undmehr.at\/index.php\/wp-json\/wp\/v2\/media?parent=33"}],"curies":[{"name":"wp","href":"https:\/\/api.w.org\/{rel}","templated":true}]}}