{"id":3998,"date":"2019-08-25T20:41:51","date_gmt":"2019-08-25T20:41:51","guid":{"rendered":"https:\/\/kindertrauer-undmehr.at\/?page_id=3998"},"modified":"2024-11-13T19:30:18","modified_gmt":"2024-11-13T19:30:18","slug":"kinder-jugendliche","status":"publish","type":"page","link":"https:\/\/kindertrauer-undmehr.at\/index.php\/kinder-jugendliche\/","title":{"rendered":"Kinder &#038; Jugendliche"},"content":{"rendered":"<section class=\"wpb-content-wrapper\"><p>[vc_row][vc_column][vc_column_text]<\/p>\n<blockquote><p><strong>&#8222;<\/strong><strong><em>Ich habe in der Trauerbegleitung gelernt, dass es im Leben, wenn man jemanden verloren hat,\u00a0 nicht immer traurig sein muss. Ich habe sozusagen TRAURIGLACHEN gelernt<\/em>\u201c<\/strong> Sophie, 9 Jahre<\/p><\/blockquote>\n<p>[\/vc_column_text][\/vc_column][\/vc_row][vc_row][vc_column][vc_column_text]<\/p>\n<h4><span style=\"color: #008c83;\">Jemand ist gestorben oder ihr Kind erlebt eine Trennung\/Scheidung?<br \/>\nSie w\u00fcnschen sich Trauerbegleitung f\u00fcr Ihr Kind?<\/span><\/h4>\n<figure id=\"attachment_4823\" aria-describedby=\"caption-attachment-4823\" style=\"width: 300px\" class=\"wp-caption alignright\"><img loading=\"lazy\" decoding=\"async\" class=\"wp-image-4823 size-medium\" src=\"https:\/\/kindertrauer-undmehr.at\/wp-content\/uploads\/2024\/10\/Soophie-mit-Elke-300x225.jpg\" alt=\"\" width=\"300\" height=\"225\" srcset=\"https:\/\/kindertrauer-undmehr.at\/wp-content\/uploads\/2024\/10\/Soophie-mit-Elke-300x225.jpg 300w, https:\/\/kindertrauer-undmehr.at\/wp-content\/uploads\/2024\/10\/Soophie-mit-Elke.jpg 640w\" sizes=\"auto, (max-width: 300px) 100vw, 300px\" \/><figcaption id=\"caption-attachment-4823\" class=\"wp-caption-text\">\u00a9 uschiwolf<\/figcaption><\/figure>\n<p>In der Begleitung von Kindern und Jugendlichen stehen f\u00fcr mich Klarheit schaffen, Informationen geben, Sicherheit wiedergewinnen, Gef\u00fchle erkennen \u2013 erleben, Erinnerungsarbeit und Selbstwertst\u00e4rkung im Mittelpunkt. Je nach Altersgruppe steht das kreative Tun oder das Gespr\u00e4ch im Vordergrund.<\/p>\n<p>Vereinbaren sie mit mir ein Elternberatungsgespr\u00e4ch in dem ich Sie \u00fcber die Bed\u00fcrfnisse von Kindern und Jugendlichen in Trauerzeiten informiere, und wir werden gemeinsam besprechen, welche Form der Begleitung f\u00fcr Ihr Kind und ihre Familie am besten passen k\u00f6nnte.[\/vc_column_text][vc_toggle title=&#8220;Mehr dazu&#8220;]Manchmal merken Sie bei sich oder Ihren Kindern erst einige Wochen, vielleicht sogar Monate nach einem traurigen Ereignis, wie sehr es sie alle belastet. Ihr Kind hat \u00c4ngste, kann nicht schlafen, ist m\u00f6glicherweise unkonzentriert in der Schule, hat Wutausbr\u00fcche oder f\u00fchlt sich rundum nicht wohl. Sehr oft liegt hier Trauer als Ursache zugrunde!<br \/>\nViele dieser Reaktionen kennen Sie vielleicht auch bei sich, sodass ein Entlastungs- und Informationsgespr\u00e4ch mit einer erfahrenen Trauerbegleiterin hilfreich sein kann.[\/vc_toggle][\/vc_column][\/vc_row]<\/p>\n<\/section>","protected":false},"excerpt":{"rendered":"<p>[vc_row][vc_column][vc_column_text] &#8222;Ich habe in der Trauerbegleitung gelernt, dass es im Leben, wenn man jemanden verloren hat,\u00a0 nicht immer traurig sein muss. Ich habe sozusagen TRAURIGLACHEN gelernt\u201c Sophie, 9 Jahre [\/vc_column_text][\/vc_column][\/vc_row][vc_row][vc_column][vc_column_text] Jemand ist gestorben oder ihr Kind erlebt eine Trennung\/Scheidung? Sie w\u00fcnschen sich Trauerbegleitung f\u00fcr Ihr Kind? In der Begleitung von Kindern und Jugendlichen stehen f\u00fcr &hellip; <a href=\"https:\/\/kindertrauer-undmehr.at\/index.php\/kinder-jugendliche\/\" class=\"more-link\">Continue reading <span class=\"screen-reader-text\">Kinder &#038; Jugendliche<\/span><\/a><\/p>\n","protected":false},"author":1,"featured_media":0,"parent":0,"menu_order":0,"comment_status":"closed","ping_status":"closed","template":"","meta":{"footnotes":""},"class_list":["post-3998","page","type-page","status-publish","hentry"],"aioseo_notices":[],"_links":{"self":[{"href":"https:\/\/kindertrauer-undmehr.at\/index.php\/wp-json\/wp\/v2\/pages\/3998","targetHints":{"allow":["GET"]}}],"collection":[{"href":"https:\/\/kindertrauer-undmehr.at\/index.php\/wp-json\/wp\/v2\/pages"}],"about":[{"href":"https:\/\/kindertrauer-undmehr.at\/index.php\/wp-json\/wp\/v2\/types\/page"}],"author":[{"embeddable":true,"href":"https:\/\/kindertrauer-undmehr.at\/index.php\/wp-json\/wp\/v2\/users\/1"}],"replies":[{"embeddable":true,"href":"https:\/\/kindertrauer-undmehr.at\/index.php\/wp-json\/wp\/v2\/comments?post=3998"}],"version-history":[{"count":34,"href":"https:\/\/kindertrauer-undmehr.at\/index.php\/wp-json\/wp\/v2\/pages\/3998\/revisions"}],"predecessor-version":[{"id":4854,"href":"https:\/\/kindertrauer-undmehr.at\/index.php\/wp-json\/wp\/v2\/pages\/3998\/revisions\/4854"}],"wp:attachment":[{"href":"https:\/\/kindertrauer-undmehr.at\/index.php\/wp-json\/wp\/v2\/media?parent=3998"}],"curies":[{"name":"wp","href":"https:\/\/api.w.org\/{rel}","templated":true}]}}