{"id":4014,"date":"2019-08-25T21:04:18","date_gmt":"2019-08-25T21:04:18","guid":{"rendered":"https:\/\/kindertrauer-undmehr.at\/?page_id=4014"},"modified":"2025-10-14T08:19:03","modified_gmt":"2025-10-14T08:19:03","slug":"erwachsene","status":"publish","type":"page","link":"https:\/\/kindertrauer-undmehr.at\/index.php\/erwachsene\/","title":{"rendered":"Erwachsene"},"content":{"rendered":"<section class=\"wpb-content-wrapper\"><p>[vc_row][vc_column][vc_column_text]<\/p>\n<blockquote><p><strong><em>&#8222;Es ist was es ist. Und es wird was wir daraus machen.<\/em><\/strong><strong>\u201c <\/strong><\/p>\n<p>Grundhaltung Elke Kohl<strong><br \/>\n<\/strong><\/p><\/blockquote>\n<p>[\/vc_column_text][vc_column_text]<img loading=\"lazy\" decoding=\"async\" class=\"wp-image-4838 size-medium alignright\" src=\"https:\/\/kindertrauer-undmehr.at\/wp-content\/uploads\/2024\/10\/Tasse-wieder-ganz-300x148.jpg\" alt=\"\" width=\"300\" height=\"148\" srcset=\"https:\/\/kindertrauer-undmehr.at\/wp-content\/uploads\/2024\/10\/Tasse-wieder-ganz-300x148.jpg 300w, https:\/\/kindertrauer-undmehr.at\/wp-content\/uploads\/2024\/10\/Tasse-wieder-ganz-768x380.jpg 768w, https:\/\/kindertrauer-undmehr.at\/wp-content\/uploads\/2024\/10\/Tasse-wieder-ganz.jpg 971w\" sizes=\"auto, (max-width: 300px) 100vw, 300px\" \/>Eine lebensbedrohliche Erkrankung, eine Trennung oder der Tod eines geliebten Menschen muss nicht allein ausgehalten werden. Trauerbegleitung hei\u00dft professionelle Unterst\u00fctzung anzunehmen und sich im Trauerprozess begleiten zu lassen. Sie erfahren in der Begleitung Sicherheit und Klarheit durch Information, Ermutigung zu Ausdrucksm\u00f6glichkeiten Ihres Gef\u00fchlserlebens und einen \u00dcberblick zu den aktuellen Begleitungsm\u00f6glichkeiten (Einzelbegleitung-Gruppe, Trauerwandern, Widow-erBrunch,\u2026)<\/p>\n<p>&nbsp;<\/p>\n<p>Rufen Sie an und vereinbaren Sie ein unverbindliches Kennenlernen.<br \/>\nDamit setzten Sie einen aktiven Schritt in einen neuen Lebensabschnitt, ohne dass das Vergangene dabei verloren geht.[\/vc_column_text][\/vc_column][vc_column][\/vc_column][\/vc_row]<\/p>\n<\/section>","protected":false},"excerpt":{"rendered":"<p>[vc_row][vc_column][vc_column_text] &#8222;Es ist was es ist. Und es wird was wir daraus machen.\u201c Grundhaltung Elke Kohl [\/vc_column_text][vc_column_text]Eine lebensbedrohliche Erkrankung, eine Trennung oder der Tod eines geliebten Menschen muss nicht allein ausgehalten werden. Trauerbegleitung hei\u00dft professionelle Unterst\u00fctzung anzunehmen und sich im Trauerprozess begleiten zu lassen. Sie erfahren in der Begleitung Sicherheit und Klarheit durch Information, Ermutigung &hellip; <a href=\"https:\/\/kindertrauer-undmehr.at\/index.php\/erwachsene\/\" class=\"more-link\">Continue reading <span class=\"screen-reader-text\">Erwachsene<\/span><\/a><\/p>\n","protected":false},"author":1,"featured_media":0,"parent":0,"menu_order":0,"comment_status":"closed","ping_status":"closed","template":"","meta":{"footnotes":""},"class_list":["post-4014","page","type-page","status-publish","hentry"],"aioseo_notices":[],"_links":{"self":[{"href":"https:\/\/kindertrauer-undmehr.at\/index.php\/wp-json\/wp\/v2\/pages\/4014","targetHints":{"allow":["GET"]}}],"collection":[{"href":"https:\/\/kindertrauer-undmehr.at\/index.php\/wp-json\/wp\/v2\/pages"}],"about":[{"href":"https:\/\/kindertrauer-undmehr.at\/index.php\/wp-json\/wp\/v2\/types\/page"}],"author":[{"embeddable":true,"href":"https:\/\/kindertrauer-undmehr.at\/index.php\/wp-json\/wp\/v2\/users\/1"}],"replies":[{"embeddable":true,"href":"https:\/\/kindertrauer-undmehr.at\/index.php\/wp-json\/wp\/v2\/comments?post=4014"}],"version-history":[{"count":12,"href":"https:\/\/kindertrauer-undmehr.at\/index.php\/wp-json\/wp\/v2\/pages\/4014\/revisions"}],"predecessor-version":[{"id":4945,"href":"https:\/\/kindertrauer-undmehr.at\/index.php\/wp-json\/wp\/v2\/pages\/4014\/revisions\/4945"}],"wp:attachment":[{"href":"https:\/\/kindertrauer-undmehr.at\/index.php\/wp-json\/wp\/v2\/media?parent=4014"}],"curies":[{"name":"wp","href":"https:\/\/api.w.org\/{rel}","templated":true}]}}