{"id":4162,"date":"2019-09-06T13:13:10","date_gmt":"2019-09-06T13:13:10","guid":{"rendered":"https:\/\/kindertrauer-undmehr.at\/?page_id=4162"},"modified":"2021-12-12T19:54:21","modified_gmt":"2021-12-12T19:54:21","slug":"projekte","status":"publish","type":"page","link":"https:\/\/kindertrauer-undmehr.at\/index.php\/projekte\/","title":{"rendered":"weitere Projekte"},"content":{"rendered":"<section class=\"wpb-content-wrapper\"><p>[vc_row][vc_column][vc_column_text]<\/p>\n<h4><span style=\"color: #008f84;\">Projekte: <\/span><\/h4>\n<p><strong>Hospiz macht Schule<\/strong><span style=\"color: #008f84;\"><img loading=\"lazy\" decoding=\"async\" class=\"alignright wp-image-4138 \" src=\"https:\/\/kindertrauer-undmehr.at\/wp-content\/uploads\/2019\/09\/Kindermalen-e1567684149954-225x300.png\" alt=\"\" width=\"158\" height=\"211\" srcset=\"https:\/\/kindertrauer-undmehr.at\/wp-content\/uploads\/2019\/09\/Kindermalen-e1567684149954-225x300.png 225w, https:\/\/kindertrauer-undmehr.at\/wp-content\/uploads\/2019\/09\/Kindermalen-e1567684149954.png 674w\" sizes=\"auto, (max-width: 158px) 100vw, 158px\" \/><\/span><\/p>\n<p><span style=\"color: #008f84;\">\u00a0<\/span><\/p>\n<p>Seit vielen Jahren koordiniere ich das Projekt Hospiz macht Schule f\u00fcr den Landesverband Hospiz N\u00d6.<\/p>\n<p><a href=\"https:\/\/kindertrauer-undmehr.at\/wp-content\/uploads\/2019\/09\/Folder_HmS.pdf\">Folder_Hospiz macht Schule.pdf<\/a><\/p>\n<p>Immer wieder veranlassen mich Themen der Trauer in Gruppen diese treffen\u00fcbergreifend zu eigenen Projekten zu gestalten.<br \/>\nGelegentlich werden diese auch der \u00d6ffentlichkeit vorgestellt.\u00a0 In Absprache mit den Beteiligten wird so ihre Auseinandersetzung mit der Trauer auch nach Au\u00dfen sichtbar und damit auf das Thema aufmerksam gemacht.<\/p>\n<p>&nbsp;<\/p>\n<p><strong>Sternkindergrab in St. P\u00f6lten<\/strong><img loading=\"lazy\" decoding=\"async\" class=\"alignright wp-image-4470\" src=\"https:\/\/kindertrauer-undmehr.at\/wp-content\/uploads\/2021\/11\/Sternengrab-neu-300x235.jpg\" alt=\"\" width=\"217\" height=\"170\" srcset=\"https:\/\/kindertrauer-undmehr.at\/wp-content\/uploads\/2021\/11\/Sternengrab-neu-300x235.jpg 300w, https:\/\/kindertrauer-undmehr.at\/wp-content\/uploads\/2021\/11\/Sternengrab-neu-1024x803.jpg 1024w, https:\/\/kindertrauer-undmehr.at\/wp-content\/uploads\/2021\/11\/Sternengrab-neu-768x602.jpg 768w, https:\/\/kindertrauer-undmehr.at\/wp-content\/uploads\/2021\/11\/Sternengrab-neu-1536x1205.jpg 1536w, https:\/\/kindertrauer-undmehr.at\/wp-content\/uploads\/2021\/11\/Sternengrab-neu.jpg 1763w\" sizes=\"auto, (max-width: 217px) 100vw, 217px\" \/><\/p>\n<p>&nbsp;<\/p>\n<p>Die Kindertrauergruppe durfte an der Neugestaltung des Sternenkindergrabes am St\u00e4dtischen Friedhof in St. P\u00f6lten mitgestalten.<br \/>\nEs entstand ein gro\u00dfer Regenbogen, der sich mit Tonsternen stellvertretend f\u00fcr die Verstorbenen f\u00fcllen\u00a0wird.<br \/>\nEin ganz besonderer Platz am Friedhof, der immer einen Besuch wert ist.<\/p>\n<p><strong><img loading=\"lazy\" decoding=\"async\" class=\"alignleft wp-image-4270 \" src=\"https:\/\/kindertrauer-undmehr.at\/wp-content\/uploads\/2020\/03\/Mantel-300x204.jpg\" alt=\"\" width=\"200\" height=\"136\" srcset=\"https:\/\/kindertrauer-undmehr.at\/wp-content\/uploads\/2020\/03\/Mantel-300x204.jpg 300w, https:\/\/kindertrauer-undmehr.at\/wp-content\/uploads\/2020\/03\/Mantel-768x522.jpg 768w, https:\/\/kindertrauer-undmehr.at\/wp-content\/uploads\/2020\/03\/Mantel-1024x697.jpg 1024w, https:\/\/kindertrauer-undmehr.at\/wp-content\/uploads\/2020\/03\/Mantel.jpg 1032w\" sizes=\"auto, (max-width: 200px) 100vw, 200px\" \/><\/strong><\/p>\n<p>&nbsp;<\/p>\n<p><strong>Mein Mantel und ICH<\/strong><\/p>\n<p>Die Kinder- und Jugendtrauergruppen in Krems und St. P\u00f6lten werden einen dreidimensionalen Mantel gestalten und ihre Gedanken zum Thema Trauer und Schutz einflie\u00dfen lassen.<\/p>\n<p>&nbsp;<\/p>\n<h4><span style=\"color: #008f84;\">Berichte zu vergangenen Projekten:<\/span><\/h4>\n<p><a href=\"https:\/\/kindertrauer-undmehr.at\/wp-content\/uploads\/2019\/10\/auszug_nl_fvpc_2018-Projekt-Erinnerungsplatz-Elke.pdf\">Platz der Erinnerung am UK Krems<\/a>[\/vc_column_text][\/vc_column][\/vc_row]<\/p>\n<\/section>","protected":false},"excerpt":{"rendered":"<p>[vc_row][vc_column][vc_column_text] Projekte: Hospiz macht Schule \u00a0 Seit vielen Jahren koordiniere ich das Projekt Hospiz macht Schule f\u00fcr den Landesverband Hospiz N\u00d6. Folder_Hospiz macht Schule.pdf Immer wieder veranlassen mich Themen der Trauer in Gruppen diese treffen\u00fcbergreifend zu eigenen Projekten zu gestalten. Gelegentlich werden diese auch der \u00d6ffentlichkeit vorgestellt.\u00a0 In Absprache mit den Beteiligten wird so ihre &hellip; <a href=\"https:\/\/kindertrauer-undmehr.at\/index.php\/projekte\/\" class=\"more-link\">Continue reading <span class=\"screen-reader-text\">weitere Projekte<\/span><\/a><\/p>\n","protected":false},"author":1,"featured_media":0,"parent":0,"menu_order":0,"comment_status":"closed","ping_status":"closed","template":"","meta":{"footnotes":""},"class_list":["post-4162","page","type-page","status-publish","hentry"],"aioseo_notices":[],"_links":{"self":[{"href":"https:\/\/kindertrauer-undmehr.at\/index.php\/wp-json\/wp\/v2\/pages\/4162","targetHints":{"allow":["GET"]}}],"collection":[{"href":"https:\/\/kindertrauer-undmehr.at\/index.php\/wp-json\/wp\/v2\/pages"}],"about":[{"href":"https:\/\/kindertrauer-undmehr.at\/index.php\/wp-json\/wp\/v2\/types\/page"}],"author":[{"embeddable":true,"href":"https:\/\/kindertrauer-undmehr.at\/index.php\/wp-json\/wp\/v2\/users\/1"}],"replies":[{"embeddable":true,"href":"https:\/\/kindertrauer-undmehr.at\/index.php\/wp-json\/wp\/v2\/comments?post=4162"}],"version-history":[{"count":14,"href":"https:\/\/kindertrauer-undmehr.at\/index.php\/wp-json\/wp\/v2\/pages\/4162\/revisions"}],"predecessor-version":[{"id":4527,"href":"https:\/\/kindertrauer-undmehr.at\/index.php\/wp-json\/wp\/v2\/pages\/4162\/revisions\/4527"}],"wp:attachment":[{"href":"https:\/\/kindertrauer-undmehr.at\/index.php\/wp-json\/wp\/v2\/media?parent=4162"}],"curies":[{"name":"wp","href":"https:\/\/api.w.org\/{rel}","templated":true}]}}