{"id":424,"date":"2019-02-01T06:06:41","date_gmt":"2019-02-01T06:06:41","guid":{"rendered":"http:\/\/localhost\/boldman\/boldman-theme\/?page_id=424"},"modified":"2024-10-23T03:57:30","modified_gmt":"2024-10-23T03:57:30","slug":"ueber-mich","status":"publish","type":"page","link":"https:\/\/kindertrauer-undmehr.at\/index.php\/ueber-mich\/","title":{"rendered":"\u00dcber mich"},"content":{"rendered":"<section class=\"wpb-content-wrapper\"><p>[vc_row tm_bgimagefixed=&#8220;&#8220; break_in_responsive=&#8220;991&#8243; full_width=&#8220;stretch_row&#8220; tm_responsive_css=&#8220;59354957|colbreak_no|||||||||colbreak_no|||||40px||||colbreak_no||||||||||colbreak_no|||||||||&#8220; css=&#8220;.vc_custom_1567286324458{margin-top: 2px !important;margin-bottom: 0px !important;border-bottom-width: 0px !important;padding-bottom: 0px !important;}&#8220;][vc_column reduce_extra_padding=&#8220;991&#8243; width=&#8220;5\/12&#8243; css=&#8220;.vc_custom_1548237107691{background-position: center !important;background-repeat: no-repeat !important;background-size: cover !important;}&#8220;][vc_single_image image=&#8220;4836&#8243; img_size=&#8220;large&#8220; add_caption=&#8220;yes&#8220; alignment=&#8220;center&#8220;][\/vc_column][vc_column reduce_extra_padding=&#8220;991&#8243; width=&#8220;7\/12&#8243; css=&#8220;.vc_custom_1548237062663{padding-left: 35px !important;}&#8220;]<div class=\"tm-element-heading-wrapper tm-heading-inner tm-element-align-left tm-seperator-solid tm-heading-style-vertical \"><section class=\"tm-vc_cta3-container\"><div class=\"tm-vc_general tm-vc_cta3 tm-cta3-only tm-vc_cta3-style-classic tm-vc_cta3-shape-rounded tm-vc_cta3-align-left tm-vc_cta3-color-transparent tm-vc_cta3-icon-size-md tm-vc_cta3-actions-no tm-cta3-without-desc\"><div class=\"tm-vc_cta3_content-container\"><div class=\"tm-vc_cta3-content\"><header class=\"tm-vc_cta3-content-header tm-wrap\"><div class=\"tm-vc_cta3-headers tm-wrap-cell\"><h4 class=\"tm-custom-heading \" >Elke Kohl<\/h4>\n<h2 class=\"tm-custom-heading \" >Die Wahrheit ist auch den Kindern zumutbar!<\/h2>\n<\/div><\/header><\/div><\/div><\/div><\/section><\/div> <!-- .tm-element-heading-wrapper container --> [vc_column_text]Meine langj\u00e4hrige T\u00e4tigkeit im Mobilen Hospizdienst, die Begegnung mit vielen von Krankheit, Trennung und Tod betroffenen Familien und der Bedarf nach professioneller Trauerbegleitung f\u00fcr Kinder, Jugendliche und Erwachsene lie\u00df meinen Beruf der Familientrauerbegleiterin entstehen. Auf Basis meines sozialen Grundberufes und der Absolvierung eines interdisziplin\u00e4ren Basislehrganges f\u00fcr Palliative Care entwickelte ich durch die praxisnahe Arbeit mit den betroffenen Trauernden ein gro\u00dfes Fachwissen und eine breite Methodenvielfalt. Ebenso absolvierte ich bei Mechthild-Schroeter-Rupieper, Chris Paul, Roland Kachler, Verena Kast und Ruthmarijke Smeding einschl\u00e4gige Aus-, Fort- und Weiterbildung. Unterschiedliche Trauertheorien und Trauermodelle flie\u00dfen in meine Arbeit ein, wobei im Mittelpunkt f\u00fcr mich immer der trauernde Mensch in seiner Einzigartigkeit, mit seinen individuellen Bed\u00fcrfnissen steht.<\/p>\n<p><span style=\"font-family: Verdana; font-size: medium;\">\u00a0<\/span>[\/vc_column_text][vc_tta_accordion gap=&#8220;&#8220; active_section=&#8220;10&#8243; collapsible_all=&#8220;true&#8220;][vc_tta_section title=&#8220;Aktuelle berufliche T\u00e4tigkeitsfelder&#8220; tab_id=&#8220;1566760704529-80bca3b3-23e4&#8243;][vc_column_text]Beratung und Begleitung von Menschen in Trauersituationen<br \/>\nLeitung von Kinder- Jugend und Erwachsenen Trauergruppen in St. P\u00f6lten, Krems und Melk<br \/>\nReferentin, Vortragende und Workshopleiterin mit Themenschwerpunkt Tod und Trauer<br \/>\nKoordination Hospiz N\u00d6 macht Schule <a href=\"https:\/\/www.hospiz-noe.at\/projekte\/hospiz-macht-schule\/\">https:\/\/www.hospiz-noe.at\/projekte\/hospiz-macht-schule\/<\/a>[\/vc_column_text][\/vc_tta_section][vc_tta_section title=&#8220;Fr\u00fchere berufliche T\u00e4tigkeitsfelder&#8220; tab_id=&#8220;1566760564911-cc0c86c7-dfa7&#8243;][vc_column_text]Leitende Stationsschwester am Donauspital,\u00a0I. Medizinische Abteilung<\/p>\n<p>Mitarbeiterin im Pflegeteam der Kinderintensivstation im Donauspital<\/p>\n<p>Mitarbeiterin im\u00a0Team des\u00a0Sozialen Notrufs\u00a0beim Wiener Roten Kreuz<\/p>\n<p>Begleitung von Kindern- und Jugendlichen in Krisenzeiten \u00fcber den Verein Rettet das Kind Wien im Rahmen der Ausbildung zur Diplomierten Lebens- und Sozialberaterin an der pro mente Akademie Wien<\/p>\n<p>Mehrj\u00e4hrige T\u00e4tigkeit als Koordinatorin im Mobilen Hospizdienst der Caritas St. P\u00f6lten[\/vc_column_text][\/vc_tta_section][\/vc_tta_accordion][\/vc_column][\/vc_row][vc_row tm_bgcolor=&#8220;grey&#8220; tm_bgimagefixed=&#8220;&#8220; break_in_responsive=&#8220;991&#8243; full_width=&#8220;stretch_row&#8220; tm_responsive_css=&#8220;36469573|colbreak_no|||||||||colbreak_no|||||40px||30px||colbreak_no||||||||||colbreak_no|||||||||&#8220; css=&#8220;.vc_custom_1550896253927{padding-top: 68px !important;padding-bottom: 59px !important;}&#8220;][vc_column]<div class=\"tm-element-heading-wrapper tm-heading-inner tm-element-align-center tm-seperator-none tm-heading-style-vertical \"><section class=\"tm-vc_cta3-container\"><div class=\"tm-vc_general tm-vc_cta3 tm-cta3-only tm-vc_cta3-style-classic tm-vc_cta3-shape-rounded tm-vc_cta3-align-center tm-vc_cta3-color-transparent tm-vc_cta3-icon-size-md tm-vc_cta3-actions-no tm-cta3-without-desc\"><div class=\"tm-vc_cta3_content-container\"><div class=\"tm-vc_cta3-content\"><header class=\"tm-vc_cta3-content-header tm-wrap\"><div class=\"tm-vc_cta3-headers tm-wrap-cell\"><h2 style=\"font-size:35px;line-height:45px;font-family:'Poppins',Arial,Helvetica;font-weight:500;\" class=\"tm-custom-heading \" >Elke Kohl<\/h2>\n<\/div><\/header><\/div><\/div><\/div><\/section><\/div> <!-- .tm-element-heading-wrapper container --> <h2 style=\"text-align:center;font-size:18px;line-height:23px;color:#8d9297;font-family:'Poppins',Arial,Helvetica;font-weight:400;\" class=\"tm-custom-heading vc_custom_1553322078431\" >Kinder- Jugend- Familientrauerbegleiterin<\/h2>\n[vc_text_separator title=&#8220;&#8220; i_icon_fontawesome=&#8220;fa fa-phone&#8220; i_color=&#8220;custom&#8220; i_size=&#8220;lg&#8220; color=&#8220;custom&#8220; el_width=&#8220;30&#8243; add_icon=&#8220;true&#8220; i_custom_color=&#8220;#fda12b&#8220; accent_color=&#8220;#d7d7d7&#8243; css=&#8220;.vc_custom_1549001958841{margin-bottom: 8px !important;padding-top: 4px !important;}&#8220;]<h2 style=\"text-align:center;font-size:22px;line-height:30px;font-family:'Poppins',Arial,Helvetica;font-weight:400;\" class=\"tm-custom-heading \" >mobil: +43 699 17 23 53 00<\/h2>\n[\/vc_column][\/vc_row]<\/p>\n<\/section>","protected":false},"excerpt":{"rendered":"<p>[vc_row tm_bgimagefixed=&#8220;&#8220; break_in_responsive=&#8220;991&#8243; full_width=&#8220;stretch_row&#8220; tm_responsive_css=&#8220;59354957|colbreak_no|||||||||colbreak_no|||||40px||||colbreak_no||||||||||colbreak_no|||||||||&#8220; css=&#8220;.vc_custom_1567286324458{margin-top: 2px !important;margin-bottom: 0px !important;border-bottom-width: 0px !important;padding-bottom: 0px !important;}&#8220;][vc_column reduce_extra_padding=&#8220;991&#8243; width=&#8220;5\/12&#8243; css=&#8220;.vc_custom_1548237107691{background-position: center !important;background-repeat: no-repeat !important;background-size: cover !important;}&#8220;][vc_single_image image=&#8220;4836&#8243; img_size=&#8220;large&#8220; add_caption=&#8220;yes&#8220; alignment=&#8220;center&#8220;][\/vc_column][vc_column reduce_extra_padding=&#8220;991&#8243; width=&#8220;7\/12&#8243; css=&#8220;.vc_custom_1548237062663{padding-left: 35px !important;}&#8220;][vc_column_text]Meine langj\u00e4hrige T\u00e4tigkeit im Mobilen Hospizdienst, die Begegnung mit vielen von Krankheit, Trennung und Tod betroffenen Familien und der Bedarf nach professioneller Trauerbegleitung f\u00fcr &hellip; <a href=\"https:\/\/kindertrauer-undmehr.at\/index.php\/ueber-mich\/\" class=\"more-link\">Continue reading <span class=\"screen-reader-text\">\u00dcber mich<\/span><\/a><\/p>\n","protected":false},"author":1,"featured_media":0,"parent":0,"menu_order":5,"comment_status":"closed","ping_status":"closed","template":"","meta":{"footnotes":""},"class_list":["post-424","page","type-page","status-publish","hentry"],"aioseo_notices":[],"_links":{"self":[{"href":"https:\/\/kindertrauer-undmehr.at\/index.php\/wp-json\/wp\/v2\/pages\/424","targetHints":{"allow":["GET"]}}],"collection":[{"href":"https:\/\/kindertrauer-undmehr.at\/index.php\/wp-json\/wp\/v2\/pages"}],"about":[{"href":"https:\/\/kindertrauer-undmehr.at\/index.php\/wp-json\/wp\/v2\/types\/page"}],"author":[{"embeddable":true,"href":"https:\/\/kindertrauer-undmehr.at\/index.php\/wp-json\/wp\/v2\/users\/1"}],"replies":[{"embeddable":true,"href":"https:\/\/kindertrauer-undmehr.at\/index.php\/wp-json\/wp\/v2\/comments?post=424"}],"version-history":[{"count":44,"href":"https:\/\/kindertrauer-undmehr.at\/index.php\/wp-json\/wp\/v2\/pages\/424\/revisions"}],"predecessor-version":[{"id":4847,"href":"https:\/\/kindertrauer-undmehr.at\/index.php\/wp-json\/wp\/v2\/pages\/424\/revisions\/4847"}],"wp:attachment":[{"href":"https:\/\/kindertrauer-undmehr.at\/index.php\/wp-json\/wp\/v2\/media?parent=424"}],"curies":[{"name":"wp","href":"https:\/\/api.w.org\/{rel}","templated":true}]}}